{"id":61514,"date":"2024-01-19T16:17:40","date_gmt":"2024-01-19T15:17:40","guid":{"rendered":"https:\/\/noyon-tourisme.com\/?page_id=61514"},"modified":"2024-02-23T16:34:24","modified_gmt":"2024-02-23T15:34:24","slug":"comment-venir","status":"publish","type":"page","link":"https:\/\/noyon-tourisme.com\/en\/comment-venir\/","title":{"rendered":"Comment venir"},"content":{"rendered":"<div data-elementor-type=\"wp-page\" data-elementor-id=\"61514\" class=\"elementor elementor-61514\" data-elementor-post-type=\"page\">\n\t\t\t\t<div class=\"elementor-element elementor-element-2f757b5 e-con-full e-flex e-con e-parent\" data-id=\"2f757b5\" data-element_type=\"container\">\n\t\t\t\t<div class=\"elementor-element elementor-element-9f3e4ca elementor--h-position-center elementor--v-position-middle elementor-widget elementor-widget-slides\" data-id=\"9f3e4ca\" data-element_type=\"widget\" data-settings=\"{&quot;navigation&quot;:&quot;none&quot;,&quot;transition&quot;:&quot;slide&quot;,&quot;transition_speed&quot;:500}\" data-widget_type=\"slides.default\">\n\t\t\t\t<div class=\"elementor-widget-container\">\n\t\t\t\t\t\t\t\t\t<div class=\"elementor-swiper\">\n\t\t\t\t\t<div class=\"elementor-slides-wrapper elementor-main-swiper swiper\" role=\"region\" aria-roledescription=\"carousel\" aria-label=\"Slides\" dir=\"ltr\" data-animation=\"fadeInUp\">\n\t\t\t\t<div class=\"swiper-wrapper elementor-slides\">\n\t\t\t\t\t\t\t\t\t\t<div class=\"elementor-repeater-item-abb3c05 swiper-slide\" role=\"group\" aria-roledescription=\"slide\"><div class=\"swiper-slide-bg\" role=\"img\"><\/div><div class=\"swiper-slide-inner\" ><div class=\"swiper-slide-contents\"><div class=\"elementor-slide-heading\">Comment venir<\/div><\/div><\/div><\/div>\t\t\t\t<\/div>\n\t\t\t\t\t\t\t<\/div>\n\t\t\t\t<\/div>\n\t\t\t\t\t\t\t\t<\/div>\n\t\t\t\t<\/div>\n\t\t\t\t<\/div>\n\t\t<div class=\"elementor-element elementor-element-ef62b14 e-flex e-con-boxed e-con e-parent\" data-id=\"ef62b14\" data-element_type=\"container\">\n\t\t\t\t\t<div class=\"e-con-inner\">\n\t\t<div class=\"elementor-element elementor-element-b3d583d e-con-full e-flex e-con e-child\" data-id=\"b3d583d\" data-element_type=\"container\">\n\t\t\t\t<div class=\"elementor-element elementor-element-ec188e4 animated-slow elementor-invisible elementor-widget elementor-widget-heading\" data-id=\"ec188e4\" data-element_type=\"widget\" data-settings=\"{&quot;_animation&quot;:&quot;slideInUp&quot;}\" data-widget_type=\"heading.default\">\n\t\t\t\t<div class=\"elementor-widget-container\">\n\t\t\t\t\t<h2 class=\"elementor-heading-title elementor-size-default\">En train<\/h2>\t\t\t\t<\/div>\n\t\t\t\t<\/div>\n\t\t\t\t<div class=\"elementor-element elementor-element-ca37c69 elementor-widget elementor-widget-text-editor\" data-id=\"ca37c69\" data-element_type=\"widget\" data-widget_type=\"text-editor.default\">\n\t\t\t\t<div class=\"elementor-widget-container\">\n\t\t\t\t\t\t\t\t\t<p>Plusieurs gares gravitent autour des lieux touristiques<\/p><p><strong>Noyon<\/strong>, ville d\u2019art et d\u2019histoire, est \u00e0 5 petites minutes \u00e0 pied du centre-ville.<\/p><ul><li><strong>Depuis Paris Nord<\/strong> :\u00a01h \u00e0 partir de 19 \u20ac<\/li><li><strong>Depuis Amiens<\/strong> : 2h \u00e0 partir de 17 \u20ac<\/li><li><strong>Depuis Compi\u00e8gne<\/strong> : 15mins \u00e0 partir de 5.5 \u20ac<\/li><\/ul>\t\t\t\t\t\t\t\t<\/div>\n\t\t\t\t<\/div>\n\t\t\t\t<div class=\"elementor-element elementor-element-3e921dc elementor-widget elementor-widget-button\" data-id=\"3e921dc\" data-element_type=\"widget\" data-widget_type=\"button.default\">\n\t\t\t\t<div class=\"elementor-widget-container\">\n\t\t\t\t\t\t\t\t\t<div class=\"elementor-button-wrapper\">\n\t\t\t\t\t<a class=\"elementor-button elementor-button-link elementor-size-sm\" href=\"https:\/\/www.ter.sncf.com\/hauts-de-france\/se-deplacer\/gares\/noyon-87276782\" target=\"_blank\" rel=\"nofollow\">\n\t\t\t\t\t\t<span class=\"elementor-button-content-wrapper\">\n\t\t\t\t\t\t\t\t\t<span class=\"elementor-button-text\">+ d'infos sur le site de la SNCF<\/span>\n\t\t\t\t\t<\/span>\n\t\t\t\t\t<\/a>\n\t\t\t\t<\/div>\n\t\t\t\t\t\t\t\t<\/div>\n\t\t\t\t<\/div>\n\t\t\t\t<\/div>\n\t\t<div class=\"elementor-element elementor-element-8858c5a e-con-full e-flex e-con e-child\" data-id=\"8858c5a\" data-element_type=\"container\">\n\t\t\t\t<div class=\"elementor-element elementor-element-a2dbf26 elementor-widget elementor-widget-image\" data-id=\"a2dbf26\" data-element_type=\"widget\" data-widget_type=\"image.default\">\n\t\t\t\t<div class=\"elementor-widget-container\">\n\t\t\t\t\t\t\t\t\t\t\t\t\t\t\t<img fetchpriority=\"high\" decoding=\"async\" width=\"768\" height=\"576\" src=\"https:\/\/noyon-tourisme.com\/wp-content\/uploads\/2024\/01\/venir_en_train_noyon_tourisme-768x576.jpg\" class=\"attachment-medium_large size-medium_large wp-image-61550\" alt=\"Venir en Train \u00e0 Noyon - La gare de Noyon\" srcset=\"https:\/\/noyon-tourisme.com\/wp-content\/uploads\/2024\/01\/venir_en_train_noyon_tourisme-768x576.jpg 768w, https:\/\/noyon-tourisme.com\/wp-content\/uploads\/2024\/01\/venir_en_train_noyon_tourisme-300x225.jpg 300w, https:\/\/noyon-tourisme.com\/wp-content\/uploads\/2024\/01\/venir_en_train_noyon_tourisme-1024x768.jpg 1024w, https:\/\/noyon-tourisme.com\/wp-content\/uploads\/2024\/01\/venir_en_train_noyon_tourisme-320x240.jpg 320w, https:\/\/noyon-tourisme.com\/wp-content\/uploads\/2024\/01\/venir_en_train_noyon_tourisme.jpg 1280w\" sizes=\"(max-width: 768px) 100vw, 768px\" title=\"\" \/>\t\t\t\t\t\t\t\t\t\t\t\t\t\t\t<\/div>\n\t\t\t\t<\/div>\n\t\t\t\t<\/div>\n\t\t\t\t\t<\/div>\n\t\t\t\t<\/div>\n\t\t<div class=\"elementor-element elementor-element-845340e e-flex e-con-boxed e-con e-parent\" data-id=\"845340e\" data-element_type=\"container\">\n\t\t\t\t\t<div class=\"e-con-inner\">\n\t\t<div class=\"elementor-element elementor-element-4e2925a e-con-full e-flex e-con e-child\" data-id=\"4e2925a\" data-element_type=\"container\">\n\t\t\t\t<div class=\"elementor-element elementor-element-fa9cb8a elementor-widget elementor-widget-image\" data-id=\"fa9cb8a\" data-element_type=\"widget\" data-widget_type=\"image.default\">\n\t\t\t\t<div class=\"elementor-widget-container\">\n\t\t\t\t\t\t\t\t\t\t\t\t\t\t\t<img decoding=\"async\" width=\"768\" height=\"410\" src=\"https:\/\/noyon-tourisme.com\/wp-content\/uploads\/2024\/01\/venir_en_voiture_noyon_tourisme-1-768x410.jpg\" class=\"attachment-medium_large size-medium_large wp-image-62152\" alt=\"Venir en Voiture \u00e0 Noyon - Carte du d\u00e9partement\" srcset=\"https:\/\/noyon-tourisme.com\/wp-content\/uploads\/2024\/01\/venir_en_voiture_noyon_tourisme-1-768x410.jpg 768w, https:\/\/noyon-tourisme.com\/wp-content\/uploads\/2024\/01\/venir_en_voiture_noyon_tourisme-1-300x160.jpg 300w, https:\/\/noyon-tourisme.com\/wp-content\/uploads\/2024\/01\/venir_en_voiture_noyon_tourisme-1-1024x547.jpg 1024w, https:\/\/noyon-tourisme.com\/wp-content\/uploads\/2024\/01\/venir_en_voiture_noyon_tourisme-1.jpg 1280w\" sizes=\"(max-width: 768px) 100vw, 768px\" title=\"\" \/>\t\t\t\t\t\t\t\t\t\t\t\t\t\t\t<\/div>\n\t\t\t\t<\/div>\n\t\t\t\t<\/div>\n\t\t<div class=\"elementor-element elementor-element-a963f62 e-con-full e-flex e-con e-child\" data-id=\"a963f62\" data-element_type=\"container\">\n\t\t\t\t<div class=\"elementor-element elementor-element-2a580a5 animated-slow elementor-invisible elementor-widget elementor-widget-heading\" data-id=\"2a580a5\" data-element_type=\"widget\" data-settings=\"{&quot;_animation&quot;:&quot;slideInUp&quot;}\" data-widget_type=\"heading.default\">\n\t\t\t\t<div class=\"elementor-widget-container\">\n\t\t\t\t\t<h2 class=\"elementor-heading-title elementor-size-default\">En voiture<\/h2>\t\t\t\t<\/div>\n\t\t\t\t<\/div>\n\t\t\t\t<div class=\"elementor-element elementor-element-35d4543 elementor-widget elementor-widget-text-editor\" data-id=\"35d4543\" data-element_type=\"widget\" data-widget_type=\"text-editor.default\">\n\t\t\t\t<div class=\"elementor-widget-container\">\n\t\t\t\t\t\t\t\t\t<p>Une position au c\u0153ur des axes routiers<\/p><p>Noyon se trouve \u00e0 environ 100 km au Nord Est de <strong>Paris<\/strong>, 140 km au sud de<strong> Lille<\/strong>, \u00a0\u00e0 64km \u00e0 l\u2019est d\u2019<strong>Amiens<\/strong> et 100km \u00e0 l\u2019Ouest de <strong>Reims<\/strong>. Encadr\u00e9e par les autoroutes, Noyon et ses communes sont accessibles par l\u2019A1\u00a0qui relie Paris \u00e0 Lille, l\u2019A29 qui rejoint Amiens \u00e0 St-Quentin et l\u2019A26 qui r\u00e9unit Reims au Nord de la France<\/p>\t\t\t\t\t\t\t\t<\/div>\n\t\t\t\t<\/div>\n\t\t\t\t<\/div>\n\t\t\t\t\t<\/div>\n\t\t\t\t<\/div>\n\t\t<div class=\"elementor-element elementor-element-6230784 e-flex e-con-boxed e-con e-parent\" data-id=\"6230784\" data-element_type=\"container\">\n\t\t\t\t\t<div class=\"e-con-inner\">\n\t\t<div class=\"elementor-element elementor-element-e915d2f e-con-full e-flex e-con e-child\" data-id=\"e915d2f\" data-element_type=\"container\">\n\t\t\t\t<div class=\"elementor-element elementor-element-f795c9b animated-slow elementor-invisible elementor-widget elementor-widget-heading\" data-id=\"f795c9b\" data-element_type=\"widget\" data-settings=\"{&quot;_animation&quot;:&quot;slideInUp&quot;}\" data-widget_type=\"heading.default\">\n\t\t\t\t<div class=\"elementor-widget-container\">\n\t\t\t\t\t<h2 class=\"elementor-heading-title elementor-size-default\">en v\u00e9lo<\/h2>\t\t\t\t<\/div>\n\t\t\t\t<\/div>\n\t\t\t\t<div class=\"elementor-element elementor-element-c0fd929 elementor-widget elementor-widget-text-editor\" data-id=\"c0fd929\" data-element_type=\"widget\" data-widget_type=\"text-editor.default\">\n\t\t\t\t<div class=\"elementor-widget-container\">\n\t\t\t\t\t\t\t\t\t<p>\u00c7a roule dans l\u2019Oise\u00a0!<\/p><p>La <strong>Scandib\u00e9rique<\/strong> qui traverse le territoire du pays noyonnais en vall\u00e9es de l\u2019Oise sous le nom de <strong>Trans\u2019Oise<\/strong> est la partie fran\u00e7aise de l\u2019<strong>EuroVelo 3<\/strong>. Cette v\u00e9loroute europ\u00e9enne relie Trondheim en Norv\u00e8ge \u00e0 Saint-Jacques-de-Compostelle en Espagne. Ceux ne sont pas moins de <strong>117km<\/strong> de circulation douce qui permettent aux visiteurs de circuler aussi bien en v\u00e9lo, qu\u2019en trottinette ou en rollers.<\/p><p>+ d\u2019infos : <a href=\"https:\/\/www.oisetourisme.com\/itineraire\/la-scandiberique\/\" target=\"_blank\" rel=\"noopener\">https:\/\/www.oisetourisme.com\/itineraire\/la-scandiberique\/<\/a><\/p>\t\t\t\t\t\t\t\t<\/div>\n\t\t\t\t<\/div>\n\t\t\t\t<\/div>\n\t\t<div class=\"elementor-element elementor-element-b137a53 e-con-full e-flex e-con e-child\" data-id=\"b137a53\" data-element_type=\"container\">\n\t\t\t\t<div class=\"elementor-element elementor-element-d9efcf4 elementor-widget elementor-widget-image\" data-id=\"d9efcf4\" data-element_type=\"widget\" data-widget_type=\"image.default\">\n\t\t\t\t<div class=\"elementor-widget-container\">\n\t\t\t\t\t\t\t\t\t\t\t\t\t\t\t<img decoding=\"async\" width=\"768\" height=\"512\" src=\"https:\/\/noyon-tourisme.com\/wp-content\/uploads\/2024\/01\/Excursion-eurovelo3_noyontourisme_1280-768x512.jpg\" class=\"attachment-medium_large size-medium_large wp-image-62218\" alt=\"Venir en V\u00e9lo \u00e0 Noyon\" srcset=\"https:\/\/noyon-tourisme.com\/wp-content\/uploads\/2024\/01\/Excursion-eurovelo3_noyontourisme_1280-768x512.jpg 768w, https:\/\/noyon-tourisme.com\/wp-content\/uploads\/2024\/01\/Excursion-eurovelo3_noyontourisme_1280-300x200.jpg 300w, https:\/\/noyon-tourisme.com\/wp-content\/uploads\/2024\/01\/Excursion-eurovelo3_noyontourisme_1280-1024x682.jpg 1024w, https:\/\/noyon-tourisme.com\/wp-content\/uploads\/2024\/01\/Excursion-eurovelo3_noyontourisme_1280-391x260.jpg 391w, https:\/\/noyon-tourisme.com\/wp-content\/uploads\/2024\/01\/Excursion-eurovelo3_noyontourisme_1280.jpg 1280w\" sizes=\"(max-width: 768px) 100vw, 768px\" title=\"\" \/>\t\t\t\t\t\t\t\t\t\t\t\t\t\t\t<\/div>\n\t\t\t\t<\/div>\n\t\t\t\t<\/div>\n\t\t\t\t\t<\/div>\n\t\t\t\t<\/div>\n\t\t<div class=\"elementor-element elementor-element-75c83c2 e-con-full e-flex e-con e-parent\" data-id=\"75c83c2\" data-element_type=\"container\" data-settings=\"{&quot;background_background&quot;:&quot;classic&quot;}\">\n\t\t<div class=\"elementor-element elementor-element-8b881bd e-con-full e-flex e-con e-child\" data-id=\"8b881bd\" data-element_type=\"container\">\n\t\t\t\t<div class=\"elementor-element elementor-element-dbff584 elementor-position-left elementor-vertical-align-middle elementor-widget__width-initial elementor-view-default elementor-mobile-position-top elementor-widget elementor-widget-icon-box\" data-id=\"dbff584\" data-element_type=\"widget\" data-widget_type=\"icon-box.default\">\n\t\t\t\t<div class=\"elementor-widget-container\">\n\t\t\t\t\t\t\t<div class=\"elementor-icon-box-wrapper\">\n\n\t\t\t\t\t\t<div class=\"elementor-icon-box-icon\">\n\t\t\t\t<a href=\"https:\/\/noyon-tourisme.com\/en\/les-10-bonnes-raisons-de-nous-rendre-visite\/\" class=\"elementor-icon\" tabindex=\"-1\" aria-label=\"Les 10 bonnes raisons de nous rendre visite\">\n\t\t\t\t<svg aria-hidden=\"true\" class=\"e-font-icon-svg e-fas-chevron-left\" viewbox=\"0 0 320 512\" xmlns=\"http:\/\/www.w3.org\/2000\/svg\"><path d=\"M34.52 239.03L228.87 44.69c9.37-9.37 24.57-9.37 33.94 0l22.67 22.67c9.36 9.36 9.37 24.52.04 33.9L131.49 256l154.02 154.75c9.34 9.38 9.32 24.54-.04 33.9l-22.67 22.67c-9.37 9.37-24.57 9.37-33.94 0L34.52 272.97c-9.37-9.37-9.37-24.57 0-33.94z\"><\/path><\/svg>\t\t\t\t<\/a>\n\t\t\t<\/div>\n\t\t\t\n\t\t\t\t\t\t<div class=\"elementor-icon-box-content\">\n\n\t\t\t\t\t\t\t\t\t<h3 class=\"elementor-icon-box-title\">\n\t\t\t\t\t\t<a href=\"https:\/\/noyon-tourisme.com\/en\/les-10-bonnes-raisons-de-nous-rendre-visite\/\" >\n\t\t\t\t\t\t\tLes 10 bonnes raisons de nous rendre visite\t\t\t\t\t\t<\/a>\n\t\t\t\t\t<\/h3>\n\t\t\t\t\n\t\t\t\t\n\t\t\t<\/div>\n\t\t\t\n\t\t<\/div>\n\t\t\t\t\t\t<\/div>\n\t\t\t\t<\/div>\n\t\t\t\t<\/div>\n\t\t<div class=\"elementor-element elementor-element-7c687e5 e-con-full e-flex e-con e-child\" data-id=\"7c687e5\" data-element_type=\"container\">\n\t\t\t\t<\/div>\n\t\t<div class=\"elementor-element elementor-element-e0f01e8 e-con-full e-flex e-con e-child\" data-id=\"e0f01e8\" data-element_type=\"container\">\n\t\t\t\t<div class=\"elementor-element elementor-element-3eb1bb4 elementor-position-right elementor-vertical-align-middle elementor-view-default elementor-mobile-position-top elementor-widget elementor-widget-icon-box\" data-id=\"3eb1bb4\" data-element_type=\"widget\" data-widget_type=\"icon-box.default\">\n\t\t\t\t<div class=\"elementor-widget-container\">\n\t\t\t\t\t\t\t<div class=\"elementor-icon-box-wrapper\">\n\n\t\t\t\t\t\t<div class=\"elementor-icon-box-icon\">\n\t\t\t\t<a href=\"https:\/\/noyon-tourisme.com\/en\/se-deplacer\/\" class=\"elementor-icon\" tabindex=\"-1\" aria-label=\"Se d\u00e9placer\">\n\t\t\t\t<svg aria-hidden=\"true\" class=\"e-font-icon-svg e-fas-chevron-right\" viewbox=\"0 0 320 512\" xmlns=\"http:\/\/www.w3.org\/2000\/svg\"><path d=\"M285.476 272.971L91.132 467.314c-9.373 9.373-24.569 9.373-33.941 0l-22.667-22.667c-9.357-9.357-9.375-24.522-.04-33.901L188.505 256 34.484 101.255c-9.335-9.379-9.317-24.544.04-33.901l22.667-22.667c9.373-9.373 24.569-9.373 33.941 0L285.475 239.03c9.373 9.372 9.373 24.568.001 33.941z\"><\/path><\/svg>\t\t\t\t<\/a>\n\t\t\t<\/div>\n\t\t\t\n\t\t\t\t\t\t<div class=\"elementor-icon-box-content\">\n\n\t\t\t\t\t\t\t\t\t<h3 class=\"elementor-icon-box-title\">\n\t\t\t\t\t\t<a href=\"https:\/\/noyon-tourisme.com\/en\/se-deplacer\/\" >\n\t\t\t\t\t\t\tSe d\u00e9placer\t\t\t\t\t\t<\/a>\n\t\t\t\t\t<\/h3>\n\t\t\t\t\n\t\t\t\t\n\t\t\t<\/div>\n\t\t\t\n\t\t<\/div>\n\t\t\t\t\t\t<\/div>\n\t\t\t\t<\/div>\n\t\t\t\t<\/div>\n\t\t\t\t<\/div>\n\t\t\t\t<\/div>","protected":false},"excerpt":{"rendered":"<p>Comment venir En train Plusieurs gares gravitent autour des lieux touristiques Noyon, ville d\u2019art et d\u2019histoire, est \u00e0 5 petites minutes \u00e0 pied du centre-ville. Depuis Paris Nord :\u00a01h \u00e0 partir de 19 \u20ac Depuis Amiens : 2h \u00e0 partir de 17 \u20ac Depuis Compi\u00e8gne : 15mins \u00e0 partir de 5.5 \u20ac + d&rsquo;infos sur<\/p>","protected":false},"author":1,"featured_media":0,"parent":0,"menu_order":0,"comment_status":"closed","ping_status":"closed","template":"","meta":{"_seopress_robots_primary_cat":"","_seopress_titles_title":"","_seopress_titles_desc":"Trouvez facilement comment venir \u00e0 Noyon avec notre office de tourisme. D\u00e9couvrez les meilleures routes et moyens de transport pour rejoindre notre ville.","_seopress_robots_index":"","_rtcl_gb_attr":"","footnotes":""},"class_list":["post-61514","page","type-page","status-publish","hentry"],"_links":{"self":[{"href":"https:\/\/noyon-tourisme.com\/en\/wp-json\/wp\/v2\/pages\/61514","targetHints":{"allow":["GET"]}}],"collection":[{"href":"https:\/\/noyon-tourisme.com\/en\/wp-json\/wp\/v2\/pages"}],"about":[{"href":"https:\/\/noyon-tourisme.com\/en\/wp-json\/wp\/v2\/types\/page"}],"author":[{"embeddable":true,"href":"https:\/\/noyon-tourisme.com\/en\/wp-json\/wp\/v2\/users\/1"}],"replies":[{"embeddable":true,"href":"https:\/\/noyon-tourisme.com\/en\/wp-json\/wp\/v2\/comments?post=61514"}],"version-history":[{"count":0,"href":"https:\/\/noyon-tourisme.com\/en\/wp-json\/wp\/v2\/pages\/61514\/revisions"}],"wp:attachment":[{"href":"https:\/\/noyon-tourisme.com\/en\/wp-json\/wp\/v2\/media?parent=61514"}],"curies":[{"name":"wp","href":"https:\/\/api.w.org\/{rel}","templated":true}]}}