{"id":61526,"date":"2024-01-19T16:21:21","date_gmt":"2024-01-19T15:21:21","guid":{"rendered":"https:\/\/noyon-tourisme.com\/?page_id=61526"},"modified":"2026-02-20T12:34:40","modified_gmt":"2026-02-20T11:34:40","slug":"se-deplacer","status":"publish","type":"page","link":"https:\/\/noyon-tourisme.com\/en\/se-deplacer\/","title":{"rendered":"Se d\u00e9placer"},"content":{"rendered":"<div data-elementor-type=\"wp-page\" data-elementor-id=\"61526\" class=\"elementor elementor-61526\" data-elementor-post-type=\"page\">\n\t\t\t\t<div class=\"elementor-element elementor-element-aedbfa0 e-con-full e-flex e-con e-parent\" data-id=\"aedbfa0\" data-element_type=\"container\">\n\t\t\t\t<div class=\"elementor-element elementor-element-e7593c0 elementor--h-position-center elementor--v-position-middle elementor-widget elementor-widget-slides\" data-id=\"e7593c0\" data-element_type=\"widget\" data-settings=\"{&quot;navigation&quot;:&quot;none&quot;,&quot;transition&quot;:&quot;slide&quot;,&quot;transition_speed&quot;:500}\" data-widget_type=\"slides.default\">\n\t\t\t\t<div class=\"elementor-widget-container\">\n\t\t\t\t\t\t\t\t\t<div class=\"elementor-swiper\">\n\t\t\t\t\t<div class=\"elementor-slides-wrapper elementor-main-swiper swiper\" role=\"region\" aria-roledescription=\"carousel\" aria-label=\"Diapositives\" dir=\"ltr\" data-animation=\"fadeInUp\">\n\t\t\t\t<div class=\"swiper-wrapper elementor-slides\">\n\t\t\t\t\t\t\t\t\t\t<div class=\"elementor-repeater-item-abb3c05 swiper-slide\" role=\"group\" aria-roledescription=\"slide\"><div class=\"swiper-slide-bg\" role=\"img\"><\/div><div class=\"swiper-slide-inner\" ><div class=\"swiper-slide-contents\"><div class=\"elementor-slide-heading\">Se d\u00e9placer \u00e0 Noyon<\/div><\/div><\/div><\/div>\t\t\t\t<\/div>\n\t\t\t\t\t\t\t<\/div>\n\t\t\t\t<\/div>\n\t\t\t\t\t\t\t\t<\/div>\n\t\t\t\t<\/div>\n\t\t\t\t<\/div>\n\t\t<div class=\"elementor-element elementor-element-4579adc e-flex e-con-boxed e-con e-parent\" data-id=\"4579adc\" data-element_type=\"container\">\n\t\t\t\t\t<div class=\"e-con-inner\">\n\t\t<div class=\"elementor-element elementor-element-d43893a e-con-full e-flex e-con e-child\" data-id=\"d43893a\" data-element_type=\"container\">\n\t\t\t\t<div class=\"elementor-element elementor-element-19b18b6 animated-slow elementor-invisible elementor-widget elementor-widget-heading\" data-id=\"19b18b6\" data-element_type=\"widget\" data-settings=\"{&quot;_animation&quot;:&quot;slideInUp&quot;}\" data-widget_type=\"heading.default\">\n\t\t\t\t<div class=\"elementor-widget-container\">\n\t\t\t\t\t<h2 class=\"elementor-heading-title elementor-size-default\">En bus<\/h2>\t\t\t\t<\/div>\n\t\t\t\t<\/div>\n\t\t\t\t<div class=\"elementor-element elementor-element-e431a6e elementor-widget elementor-widget-text-editor\" data-id=\"e431a6e\" data-element_type=\"widget\" data-widget_type=\"text-editor.default\">\n\t\t\t\t<div class=\"elementor-widget-container\">\n\t\t\t\t\t\t\t\t\t<p>Au Pays du noyonnais en vall\u00e9es de l&rsquo;Oise, tout est \u00e0 port\u00e9e de main<\/p><p>Tout est simple et rapide, ici or vous garantie un v\u00e9ritable gain de temps.<\/p>\t\t\t\t\t\t\t\t<\/div>\n\t\t\t\t<\/div>\n\t\t\t\t<div class=\"elementor-element elementor-element-3b96c81 elementor-widget elementor-widget-button\" data-id=\"3b96c81\" data-element_type=\"widget\" data-widget_type=\"button.default\">\n\t\t\t\t<div class=\"elementor-widget-container\">\n\t\t\t\t\t\t\t\t\t<div class=\"elementor-button-wrapper\">\n\t\t\t\t\t<a class=\"elementor-button elementor-button-link elementor-size-sm\" href=\"https:\/\/noyon-tourisme.com\/wp-content\/uploads\/2024\/01\/libbus-plan-2023.pdf\" target=\"_blank\" rel=\"nofollow\">\n\t\t\t\t\t\t<span class=\"elementor-button-content-wrapper\">\n\t\t\t\t\t\t\t\t\t<span class=\"elementor-button-text\">Plan des bus \u00e0 Noyon<\/span>\n\t\t\t\t\t<\/span>\n\t\t\t\t\t<\/a>\n\t\t\t\t<\/div>\n\t\t\t\t\t\t\t\t<\/div>\n\t\t\t\t<\/div>\n\t\t\t\t<div class=\"elementor-element elementor-element-17c02c4 elementor-widget elementor-widget-text-editor\" data-id=\"17c02c4\" data-element_type=\"widget\" data-widget_type=\"text-editor.default\">\n\t\t\t\t<div class=\"elementor-widget-container\">\n\t\t\t\t\t\t\t\t\t<p>Le r\u00e9seau lib&rsquo;Bus propose d\u00e9sormais 7 lignes desservant tous les quartiers de la ville en passant par la gare, est toujours gratuit pour ses usagers.<\/p>\t\t\t\t\t\t\t\t<\/div>\n\t\t\t\t<\/div>\n\t\t\t\t<\/div>\n\t\t<div class=\"elementor-element elementor-element-66f2257 e-con-full e-flex e-con e-child\" data-id=\"66f2257\" data-element_type=\"container\">\n\t\t\t\t<div class=\"elementor-element elementor-element-bea6f5c elementor-widget elementor-widget-image\" data-id=\"bea6f5c\" data-element_type=\"widget\" data-widget_type=\"image.default\">\n\t\t\t\t<div class=\"elementor-widget-container\">\n\t\t\t\t\t\t\t\t\t\t\t\t\t\t\t\t<a href=\"https:\/\/noyon-tourisme.com\/wp-content\/uploads\/2024\/01\/libbus-plan-2023.pdf\" target=\"_blank\" rel=\"nofollow\">\n\t\t\t\t\t\t\t<img fetchpriority=\"high\" decoding=\"async\" width=\"245\" height=\"245\" src=\"https:\/\/noyon-tourisme.com\/wp-content\/uploads\/2024\/01\/lib_bus.png\" class=\"attachment-full size-full wp-image-64196\" alt=\"Lib Bus le bus gratuit \u00e0 Noyon\" srcset=\"https:\/\/noyon-tourisme.com\/wp-content\/uploads\/2024\/01\/lib_bus.png 245w, https:\/\/noyon-tourisme.com\/wp-content\/uploads\/2024\/01\/lib_bus-150x150.png 150w\" sizes=\"(max-width: 245px) 100vw, 245px\" title=\"\" \/>\t\t\t\t\t\t\t\t<\/a>\n\t\t\t\t\t\t\t\t\t\t\t\t\t\t\t<\/div>\n\t\t\t\t<\/div>\n\t\t\t\t<\/div>\n\t\t\t\t\t<\/div>\n\t\t\t\t<\/div>\n\t\t<div class=\"elementor-element elementor-element-68ef52d e-flex e-con-boxed e-con e-parent\" data-id=\"68ef52d\" data-element_type=\"container\">\n\t\t\t\t\t<div class=\"e-con-inner\">\n\t\t<div class=\"elementor-element elementor-element-4d8319b e-con-full e-flex e-con e-child\" data-id=\"4d8319b\" data-element_type=\"container\">\n\t\t\t\t<div class=\"elementor-element elementor-element-132a721 elementor-widget elementor-widget-image\" data-id=\"132a721\" data-element_type=\"widget\" data-widget_type=\"image.default\">\n\t\t\t\t<div class=\"elementor-widget-container\">\n\t\t\t\t\t\t\t\t\t\t\t\t\t\t\t<img decoding=\"async\" width=\"768\" height=\"512\" src=\"https:\/\/noyon-tourisme.com\/wp-content\/uploads\/2024\/02\/location_voiture_sedeplacer_noyon_tourisme-768x512.jpg\" class=\"attachment-medium_large size-medium_large wp-image-81471\" alt=\"Se d\u00e9placer \u00e0 Noyon Location de v\u00e9hicule\" srcset=\"https:\/\/noyon-tourisme.com\/wp-content\/uploads\/2024\/02\/location_voiture_sedeplacer_noyon_tourisme-768x512.jpg 768w, https:\/\/noyon-tourisme.com\/wp-content\/uploads\/2024\/02\/location_voiture_sedeplacer_noyon_tourisme-300x200.jpg 300w, https:\/\/noyon-tourisme.com\/wp-content\/uploads\/2024\/02\/location_voiture_sedeplacer_noyon_tourisme-1024x683.jpg 1024w, https:\/\/noyon-tourisme.com\/wp-content\/uploads\/2024\/02\/location_voiture_sedeplacer_noyon_tourisme-391x260.jpg 391w, https:\/\/noyon-tourisme.com\/wp-content\/uploads\/2024\/02\/location_voiture_sedeplacer_noyon_tourisme-18x12.jpg 18w, https:\/\/noyon-tourisme.com\/wp-content\/uploads\/2024\/02\/location_voiture_sedeplacer_noyon_tourisme.jpg 1280w\" sizes=\"(max-width: 768px) 100vw, 768px\" title=\"\" \/>\t\t\t\t\t\t\t\t\t\t\t\t\t\t\t<\/div>\n\t\t\t\t<\/div>\n\t\t\t\t<\/div>\n\t\t<div class=\"elementor-element elementor-element-6e46e97 e-con-full e-flex e-con e-child\" data-id=\"6e46e97\" data-element_type=\"container\">\n\t\t\t\t<div class=\"elementor-element elementor-element-fabbace animated-slow elementor-invisible elementor-widget elementor-widget-heading\" data-id=\"fabbace\" data-element_type=\"widget\" data-settings=\"{&quot;_animation&quot;:&quot;slideInUp&quot;}\" data-widget_type=\"heading.default\">\n\t\t\t\t<div class=\"elementor-widget-container\">\n\t\t\t\t\t<h2 class=\"elementor-heading-title elementor-size-default\">Location de voiture<\/h2>\t\t\t\t<\/div>\n\t\t\t\t<\/div>\n\t\t\t\t<div class=\"elementor-element elementor-element-34981a1 elementor-widget elementor-widget-text-editor\" data-id=\"34981a1\" data-element_type=\"widget\" data-widget_type=\"text-editor.default\">\n\t\t\t\t<div class=\"elementor-widget-container\">\n\t\t\t\t\t\t\t\t\t<p>Pour visiter, se d\u00e9placer et d\u00e9couvrir \u00e0 votre rythme les divers monuments, rien de tel qu&rsquo;une voiture.<\/p><p>Vous n&rsquo;en avez pas ? Qu&rsquo;\u00e0 cela ne tienne, il suffit d&rsquo;en louer une !<\/p><p><strong><span style=\"text-decoration: underline;\">Pour les professionnels<\/span><\/strong><\/p><p><strong>Ada<\/strong> : 1556 Rue d&rsquo;Orroire, 60400 Noyon<br \/>T\u00e9l : 03.65.98.02.02<br \/><a href=\"https:\/\/www.ada.fr\/\" target=\"_blank\" rel=\"nofollow noopener\">ada.fr<\/a><\/p><p><span style=\"text-decoration: underline;\"><strong>Pour les particuliers<\/strong><\/span><br \/><strong>OuiCar<\/strong> : la location de voiture entre particuliers<br \/><a href=\"https:\/\/turo.com\/fr\/fr\" target=\"_blank\" rel=\"noopener\">ouicar.fr<\/a><\/p>\t\t\t\t\t\t\t\t<\/div>\n\t\t\t\t<\/div>\n\t\t\t\t<\/div>\n\t\t\t\t\t<\/div>\n\t\t\t\t<\/div>\n\t\t<div class=\"elementor-element elementor-element-cd76e50 e-flex e-con-boxed e-con e-parent\" data-id=\"cd76e50\" data-element_type=\"container\">\n\t\t\t\t\t<div class=\"e-con-inner\">\n\t\t<div class=\"elementor-element elementor-element-25fc44f e-con-full e-flex e-con e-child\" data-id=\"25fc44f\" data-element_type=\"container\">\n\t\t\t\t<div class=\"elementor-element elementor-element-9eec2be animated-slow elementor-invisible elementor-widget elementor-widget-heading\" data-id=\"9eec2be\" data-element_type=\"widget\" data-settings=\"{&quot;_animation&quot;:&quot;slideInUp&quot;}\" data-widget_type=\"heading.default\">\n\t\t\t\t<div class=\"elementor-widget-container\">\n\t\t\t\t\t<h2 class=\"elementor-heading-title elementor-size-default\">En taxis<\/h2>\t\t\t\t<\/div>\n\t\t\t\t<\/div>\n\t\t\t\t<div class=\"elementor-element elementor-element-d8379a7 elementor-widget elementor-widget-text-editor\" data-id=\"d8379a7\" data-element_type=\"widget\" data-widget_type=\"text-editor.default\">\n\t\t\t\t<div class=\"elementor-widget-container\">\n\t\t\t\t\t\t\t\t\t<p>Se d\u00e9placer dans et autour de Noyon est simple comme un coup de fil !<\/p><p><strong>Taxi Pro Noyon<\/strong> &#8211; 06 08 51 80 72 <em>(possibilit\u00e9 v\u00e9hicule 8 passagers).<\/em><\/p><p><strong>Taxi Clin<\/strong> &#8211; 06 08 53 20 10<\/p><p><strong>Allo Christophe Taxi<\/strong> &#8211; 06 07 68 26 09<\/p><p><strong>Allo Alpha Taxi<\/strong> &#8211; 03 44 09 07 17<\/p><p><strong>Carl Taxi<\/strong> &#8211; 06 62 65 13 29<\/p><p><strong>MB Taxi<\/strong> &#8211; 06 99 15 18 63<\/p><p><strong>Taxi Myriam<\/strong> &#8211; 06 44 18 50 75<\/p><p><strong>Taxi du Noyonnais<\/strong> &#8211; 03 44 09 05 50<\/p>\t\t\t\t\t\t\t\t<\/div>\n\t\t\t\t<\/div>\n\t\t\t\t<\/div>\n\t\t<div class=\"elementor-element elementor-element-6b429e2 e-con-full e-flex e-con e-child\" data-id=\"6b429e2\" data-element_type=\"container\">\n\t\t\t\t<div class=\"elementor-element elementor-element-a735e7f elementor-widget elementor-widget-image\" data-id=\"a735e7f\" data-element_type=\"widget\" data-widget_type=\"image.default\">\n\t\t\t\t<div class=\"elementor-widget-container\">\n\t\t\t\t\t\t\t\t\t\t\t\t\t\t\t<img decoding=\"async\" width=\"768\" height=\"512\" src=\"https:\/\/noyon-tourisme.com\/wp-content\/uploads\/2024\/02\/taxis_sedeplacer_office_tourisme_noyon-768x512.jpg\" class=\"attachment-medium_large size-medium_large wp-image-81472\" alt=\"Se d\u00e9placer \u00e0 Noyon en taxis\" srcset=\"https:\/\/noyon-tourisme.com\/wp-content\/uploads\/2024\/02\/taxis_sedeplacer_office_tourisme_noyon-768x512.jpg 768w, https:\/\/noyon-tourisme.com\/wp-content\/uploads\/2024\/02\/taxis_sedeplacer_office_tourisme_noyon-300x200.jpg 300w, https:\/\/noyon-tourisme.com\/wp-content\/uploads\/2024\/02\/taxis_sedeplacer_office_tourisme_noyon-1024x682.jpg 1024w, https:\/\/noyon-tourisme.com\/wp-content\/uploads\/2024\/02\/taxis_sedeplacer_office_tourisme_noyon-391x260.jpg 391w, https:\/\/noyon-tourisme.com\/wp-content\/uploads\/2024\/02\/taxis_sedeplacer_office_tourisme_noyon-18x12.jpg 18w, https:\/\/noyon-tourisme.com\/wp-content\/uploads\/2024\/02\/taxis_sedeplacer_office_tourisme_noyon.jpg 1280w\" sizes=\"(max-width: 768px) 100vw, 768px\" title=\"\" \/>\t\t\t\t\t\t\t\t\t\t\t\t\t\t\t<\/div>\n\t\t\t\t<\/div>\n\t\t\t\t<\/div>\n\t\t\t\t\t<\/div>\n\t\t\t\t<\/div>\n\t\t<div class=\"elementor-element elementor-element-816daa6 e-con-full e-flex e-con e-parent\" data-id=\"816daa6\" data-element_type=\"container\" data-settings=\"{&quot;background_background&quot;:&quot;classic&quot;}\">\n\t\t<div class=\"elementor-element elementor-element-e29b040 e-con-full e-flex e-con e-child\" data-id=\"e29b040\" data-element_type=\"container\">\n\t\t\t\t<div class=\"elementor-element elementor-element-93db03e elementor-position-left elementor-vertical-align-middle elementor-widget__width-initial elementor-view-default elementor-mobile-position-top elementor-widget elementor-widget-icon-box\" data-id=\"93db03e\" data-element_type=\"widget\" data-widget_type=\"icon-box.default\">\n\t\t\t\t<div class=\"elementor-widget-container\">\n\t\t\t\t\t\t\t<div class=\"elementor-icon-box-wrapper\">\n\n\t\t\t\t\t\t<div class=\"elementor-icon-box-icon\">\n\t\t\t\t<a href=\"https:\/\/noyon-tourisme.com\/en\/les-10-bonnes-raisons-de-nous-rendre-visite\/\" class=\"elementor-icon\" tabindex=\"-1\" aria-label=\"Les 10 bonnes raisons de nous rendre visite\">\n\t\t\t\t<svg aria-hidden=\"true\" class=\"e-font-icon-svg e-fas-chevron-left\" viewbox=\"0 0 320 512\" xmlns=\"http:\/\/www.w3.org\/2000\/svg\"><path d=\"M34.52 239.03L228.87 44.69c9.37-9.37 24.57-9.37 33.94 0l22.67 22.67c9.36 9.36 9.37 24.52.04 33.9L131.49 256l154.02 154.75c9.34 9.38 9.32 24.54-.04 33.9l-22.67 22.67c-9.37 9.37-24.57 9.37-33.94 0L34.52 272.97c-9.37-9.37-9.37-24.57 0-33.94z\"><\/path><\/svg>\t\t\t\t<\/a>\n\t\t\t<\/div>\n\t\t\t\n\t\t\t\t\t\t<div class=\"elementor-icon-box-content\">\n\n\t\t\t\t\t\t\t\t\t<h3 class=\"elementor-icon-box-title\">\n\t\t\t\t\t\t<a href=\"https:\/\/noyon-tourisme.com\/en\/les-10-bonnes-raisons-de-nous-rendre-visite\/\" >\n\t\t\t\t\t\t\tLes 10 bonnes raisons de nous rendre visite\t\t\t\t\t\t<\/a>\n\t\t\t\t\t<\/h3>\n\t\t\t\t\n\t\t\t\t\n\t\t\t<\/div>\n\t\t\t\n\t\t<\/div>\n\t\t\t\t\t\t<\/div>\n\t\t\t\t<\/div>\n\t\t\t\t<\/div>\n\t\t<div class=\"elementor-element elementor-element-df9b795 e-con-full e-flex e-con e-child\" data-id=\"df9b795\" data-element_type=\"container\">\n\t\t\t\t<\/div>\n\t\t<div class=\"elementor-element elementor-element-f222437 e-con-full e-flex e-con e-child\" data-id=\"f222437\" data-element_type=\"container\">\n\t\t\t\t<div class=\"elementor-element elementor-element-a3954d1 elementor-position-right elementor-vertical-align-middle elementor-view-default elementor-mobile-position-top elementor-widget elementor-widget-icon-box\" data-id=\"a3954d1\" data-element_type=\"widget\" data-widget_type=\"icon-box.default\">\n\t\t\t\t<div class=\"elementor-widget-container\">\n\t\t\t\t\t\t\t<div class=\"elementor-icon-box-wrapper\">\n\n\t\t\t\t\t\t<div class=\"elementor-icon-box-icon\">\n\t\t\t\t<a href=\"https:\/\/noyon-tourisme.com\/en\/comment-venir\/\" class=\"elementor-icon\" tabindex=\"-1\" aria-label=\"Comment venir\">\n\t\t\t\t<svg aria-hidden=\"true\" class=\"e-font-icon-svg e-fas-chevron-right\" viewbox=\"0 0 320 512\" xmlns=\"http:\/\/www.w3.org\/2000\/svg\"><path d=\"M285.476 272.971L91.132 467.314c-9.373 9.373-24.569 9.373-33.941 0l-22.667-22.667c-9.357-9.357-9.375-24.522-.04-33.901L188.505 256 34.484 101.255c-9.335-9.379-9.317-24.544.04-33.901l22.667-22.667c9.373-9.373 24.569-9.373 33.941 0L285.475 239.03c9.373 9.372 9.373 24.568.001 33.941z\"><\/path><\/svg>\t\t\t\t<\/a>\n\t\t\t<\/div>\n\t\t\t\n\t\t\t\t\t\t<div class=\"elementor-icon-box-content\">\n\n\t\t\t\t\t\t\t\t\t<h3 class=\"elementor-icon-box-title\">\n\t\t\t\t\t\t<a href=\"https:\/\/noyon-tourisme.com\/en\/comment-venir\/\" >\n\t\t\t\t\t\t\tComment venir\t\t\t\t\t\t<\/a>\n\t\t\t\t\t<\/h3>\n\t\t\t\t\n\t\t\t\t\n\t\t\t<\/div>\n\t\t\t\n\t\t<\/div>\n\t\t\t\t\t\t<\/div>\n\t\t\t\t<\/div>\n\t\t\t\t<\/div>\n\t\t\t\t<\/div>\n\t\t\t\t<\/div>","protected":false},"excerpt":{"rendered":"<p>Se d\u00e9placer \u00e0 Noyon En bus Au Pays du noyonnais en vall\u00e9es de l&rsquo;Oise, tout est \u00e0 port\u00e9e de main Tout est simple et rapide, ici or vous garantie un v\u00e9ritable gain de temps. Plan des bus \u00e0 Noyon Le r\u00e9seau lib&rsquo;Bus propose d\u00e9sormais 7 lignes desservant tous les quartiers de la ville en passant<\/p>","protected":false},"author":1,"featured_media":0,"parent":0,"menu_order":0,"comment_status":"closed","ping_status":"closed","template":"","meta":{"_seopress_robots_primary_cat":"","_seopress_titles_title":"","_seopress_titles_desc":"D\u00e9couvrez les moyens de transport pour vous d\u00e9placer facilement \u00e0 Noyon. Informations sur les bus, trains, voitures et itin\u00e9raires disponibles ici.","_seopress_robots_index":"","_rtcl_gb_attr":"","footnotes":""},"class_list":["post-61526","page","type-page","status-publish","hentry"],"_links":{"self":[{"href":"https:\/\/noyon-tourisme.com\/en\/wp-json\/wp\/v2\/pages\/61526","targetHints":{"allow":["GET"]}}],"collection":[{"href":"https:\/\/noyon-tourisme.com\/en\/wp-json\/wp\/v2\/pages"}],"about":[{"href":"https:\/\/noyon-tourisme.com\/en\/wp-json\/wp\/v2\/types\/page"}],"author":[{"embeddable":true,"href":"https:\/\/noyon-tourisme.com\/en\/wp-json\/wp\/v2\/users\/1"}],"replies":[{"embeddable":true,"href":"https:\/\/noyon-tourisme.com\/en\/wp-json\/wp\/v2\/comments?post=61526"}],"version-history":[{"count":9,"href":"https:\/\/noyon-tourisme.com\/en\/wp-json\/wp\/v2\/pages\/61526\/revisions"}],"predecessor-version":[{"id":872547,"href":"https:\/\/noyon-tourisme.com\/en\/wp-json\/wp\/v2\/pages\/61526\/revisions\/872547"}],"wp:attachment":[{"href":"https:\/\/noyon-tourisme.com\/en\/wp-json\/wp\/v2\/media?parent=61526"}],"curies":[{"name":"wp","href":"https:\/\/api.w.org\/{rel}","templated":true}]}}