{"id":73781,"date":"2024-02-07T14:05:13","date_gmt":"2024-02-07T13:05:13","guid":{"rendered":"https:\/\/noyon-tourisme.com\/?page_id=73781"},"modified":"2026-04-09T15:28:07","modified_gmt":"2026-04-09T13:28:07","slug":"le-gothique-en-noyonnais","status":"publish","type":"page","link":"https:\/\/noyon-tourisme.com\/en\/les-fiches-groupe\/le-gothique-en-noyonnais\/","title":{"rendered":"Le gothique en Noyonnais"},"content":{"rendered":"<div data-elementor-type=\"wp-page\" data-elementor-id=\"73781\" class=\"elementor elementor-73781\" data-elementor-post-type=\"page\">\n\t\t\t\t<div class=\"elementor-element elementor-element-a5f8558 e-con-full elementor-hidden-mobile e-flex e-con e-parent\" data-id=\"a5f8558\" data-element_type=\"container\" data-settings=\"{&quot;background_background&quot;:&quot;classic&quot;}\">\n\t\t\t\t<\/div>\n\t\t<div class=\"elementor-element elementor-element-00ecd4e e-con-full e-flex e-con e-parent\" data-id=\"00ecd4e\" data-element_type=\"container\" data-settings=\"{&quot;background_background&quot;:&quot;classic&quot;}\">\n\t\t\t\t<div class=\"elementor-element elementor-element-2247b15 animated-slow elementor-invisible elementor-widget elementor-widget-heading\" data-id=\"2247b15\" data-element_type=\"widget\" data-settings=\"{&quot;_animation&quot;:&quot;slideInUp&quot;}\" data-widget_type=\"heading.default\">\n\t\t\t\t<div class=\"elementor-widget-container\">\n\t\t\t\t\t<h2 class=\"elementor-heading-title elementor-size-default\">Le gothique en Noyonnais<\/h2>\t\t\t\t<\/div>\n\t\t\t\t<\/div>\n\t\t\t\t<div class=\"elementor-element elementor-element-89ceda8 animated-slow elementor-invisible elementor-widget elementor-widget-heading\" data-id=\"89ceda8\" data-element_type=\"widget\" data-settings=\"{&quot;_animation&quot;:&quot;slideInUp&quot;}\" data-widget_type=\"heading.default\">\n\t\t\t\t<div class=\"elementor-widget-container\">\n\t\t\t\t\t<h2 class=\"elementor-heading-title elementor-size-default\">De l'abbaye cistercienne d'Ourscamp \u00e0 la cath\u00e9drale Notre-Dame de Noyon , promenez-vous au c\u0153ur de l'architecture gothique.<\/h2>\t\t\t\t<\/div>\n\t\t\t\t<\/div>\n\t\t\t\t<\/div>\n\t\t<div class=\"elementor-element elementor-element-fd33863 e-flex e-con-boxed e-con e-parent\" data-id=\"fd33863\" data-element_type=\"container\">\n\t\t\t\t\t<div class=\"e-con-inner\">\n\t\t<div class=\"elementor-element elementor-element-e1821da e-con-full e-flex e-con e-child\" data-id=\"e1821da\" data-element_type=\"container\">\n\t\t\t\t<div class=\"elementor-element elementor-element-190e8ef animated-slow elementor-widget elementor-widget-heading\" data-id=\"190e8ef\" data-element_type=\"widget\" data-settings=\"{&quot;_animation&quot;:&quot;none&quot;}\" data-widget_type=\"heading.default\">\n\t\t\t\t<div class=\"elementor-widget-container\">\n\t\t\t\t\t<h2 class=\"elementor-heading-title elementor-size-default\"><b>10h <\/b>: Visite guid\u00e9e de l'abbaye d'Ourscamp<\/h2>\t\t\t\t<\/div>\n\t\t\t\t<\/div>\n\t\t\t\t<div class=\"elementor-element elementor-element-bac7037 elementor-widget elementor-widget-text-editor\" data-id=\"bac7037\" data-element_type=\"widget\" data-widget_type=\"text-editor.default\">\n\t\t\t\t<div class=\"elementor-widget-container\">\n\t\t\t\t\t\t\t\t\t<p>D\u00e9couvrez les importants vestiges de cette abbaye cistercienne fond\u00e9e en 1129 par l&rsquo;\u00e9v\u00eaque de Noyon. Ce lieu hors du temps poss\u00e8de encore les ruines romantiques du ch\u0153ur de la seconde abbatiale gothique ainsi que l&rsquo;ancienne infirmerie.<\/p>\t\t\t\t\t\t\t\t<\/div>\n\t\t\t\t<\/div>\n\t\t\t\t<div class=\"elementor-element elementor-element-027a6bb animated-slow elementor-widget elementor-widget-heading\" data-id=\"027a6bb\" data-element_type=\"widget\" data-settings=\"{&quot;_animation&quot;:&quot;none&quot;}\" data-widget_type=\"heading.default\">\n\t\t\t\t<div class=\"elementor-widget-container\">\n\t\t\t\t\t<h2 class=\"elementor-heading-title elementor-size-default\"><b>12h : <\/b>D\u00e9jeuner dans un restaurant Noyonnais.<\/h2>\t\t\t\t<\/div>\n\t\t\t\t<\/div>\n\t\t\t\t<div class=\"elementor-element elementor-element-c1d1857 elementor-widget elementor-widget-text-editor\" data-id=\"c1d1857\" data-element_type=\"widget\" data-widget_type=\"text-editor.default\">\n\t\t\t\t<div class=\"elementor-widget-container\">\n\t\t\t\t\t\t\t\t\t<p><em>Exemple de menu : <\/em><\/p><p><em>Cassolette de fruits de mer safran\u00e9e<\/em><br \/><em>Fricass\u00e9e de volaille aux pommes et au cidre,gratin dauphinois<\/em><br \/><em>Verrine de tiramisu au mascarpone et caf\u00e9<\/em><br \/><em>Boissons : Ap\u00e9ritif, eau, vin et caf\u00e9<\/em><\/p>\t\t\t\t\t\t\t\t<\/div>\n\t\t\t\t<\/div>\n\t\t\t\t<div class=\"elementor-element elementor-element-50bb1ef animated-slow elementor-widget elementor-widget-heading\" data-id=\"50bb1ef\" data-element_type=\"widget\" data-settings=\"{&quot;_animation&quot;:&quot;none&quot;}\" data-widget_type=\"heading.default\">\n\t\t\t\t<div class=\"elementor-widget-container\">\n\t\t\t\t\t<h2 class=\"elementor-heading-title elementor-size-default\"><b>14h30 <\/b>: Visite de la cath\u00e9drale et son quartier<\/h2>\t\t\t\t<\/div>\n\t\t\t\t<\/div>\n\t\t\t\t<div class=\"elementor-element elementor-element-c20dccf elementor-widget elementor-widget-text-editor\" data-id=\"c20dccf\" data-element_type=\"widget\" data-widget_type=\"text-editor.default\">\n\t\t\t\t<div class=\"elementor-widget-container\">\n\t\t\t\t\t\t\t\t\t<p>V\u00e9ritable chef d&rsquo;\u0153uvre du premier art gothique, la cath\u00e9drale Notre-Dame vous surprendra par son espace int\u00e9rieur lumineux et ses b\u00e2timents canoniaux r\u00e9partis autour du clo\u00eetre, formant l&rsquo;ensemble le plus complet du Nord de la France.<\/p>\t\t\t\t\t\t\t\t<\/div>\n\t\t\t\t<\/div>\n\t\t\t\t<div class=\"elementor-element elementor-element-4a8c294 animated-slow elementor-widget elementor-widget-heading\" data-id=\"4a8c294\" data-element_type=\"widget\" data-settings=\"{&quot;_animation&quot;:&quot;none&quot;}\" data-widget_type=\"heading.default\">\n\t\t\t\t<div class=\"elementor-widget-container\">\n\t\t\t\t\t<h2 class=\"elementor-heading-title elementor-size-default\"><b>16h <\/b>: Suite de la visite dans l'ancien palais \u00e9piscopal<\/h2>\t\t\t\t<\/div>\n\t\t\t\t<\/div>\n\t\t\t\t<div class=\"elementor-element elementor-element-9b6f096 elementor-widget elementor-widget-text-editor\" data-id=\"9b6f096\" data-element_type=\"widget\" data-widget_type=\"text-editor.default\">\n\t\t\t\t<div class=\"elementor-widget-container\">\n\t\t\t\t\t\t\t\t\t<p>Il abrite aujourd&rsquo;hui le mus\u00e9e du Noyonnais. Il conserve des \u00e9l\u00e9ments sculpt\u00e9s de la cath\u00e9drale disparu \u00e0 la R\u00e9volution Fran\u00e7aise.<\/p>\t\t\t\t\t\t\t\t<\/div>\n\t\t\t\t<\/div>\n\t\t\t\t<div class=\"elementor-element elementor-element-8eac460 animated-slow elementor-widget elementor-widget-heading\" data-id=\"8eac460\" data-element_type=\"widget\" data-settings=\"{&quot;_animation&quot;:&quot;none&quot;}\" data-widget_type=\"heading.default\">\n\t\t\t\t<div class=\"elementor-widget-container\">\n\t\t\t\t\t<h2 class=\"elementor-heading-title elementor-size-default\"><b>17h <\/b>: Fin de nos prestations<\/h2>\t\t\t\t<\/div>\n\t\t\t\t<\/div>\n\t\t\t\t<div class=\"elementor-element elementor-element-176da32 animated-slow elementor-widget elementor-widget-heading\" data-id=\"176da32\" data-element_type=\"widget\" data-settings=\"{&quot;_animation&quot;:&quot;none&quot;}\" data-widget_type=\"heading.default\">\n\t\t\t\t<div class=\"elementor-widget-container\">\n\t\t\t\t\t<h2 class=\"elementor-heading-title elementor-size-default\">Gratuit\u00e9 pour le chauffeur de car<br>\nMinimum : 20 pers | Maximum : 60 pers.<br><br>\nJourn\u00e9e r\u00e9alisable du mardi au samedi<br>\nSuppl\u00e9ment : les jours f\u00e9ri\u00e9s (nous consulter)<\/h2>\t\t\t\t<\/div>\n\t\t\t\t<\/div>\n\t\t\t\t<\/div>\n\t\t<div class=\"elementor-element elementor-element-ceb1f1c e-con-full e-flex e-con e-child\" data-id=\"ceb1f1c\" data-element_type=\"container\">\n\t\t\t\t<div class=\"elementor-element elementor-element-f925060 elementor-view-default elementor-widget elementor-widget-icon\" data-id=\"f925060\" data-element_type=\"widget\" data-widget_type=\"icon.default\">\n\t\t\t\t<div class=\"elementor-widget-container\">\n\t\t\t\t\t\t\t<div class=\"elementor-icon-wrapper\">\n\t\t\t<div class=\"elementor-icon\">\n\t\t\t<svg aria-hidden=\"true\" class=\"e-font-icon-svg e-far-money-bill-alt\" viewbox=\"0 0 640 512\" xmlns=\"http:\/\/www.w3.org\/2000\/svg\"><path d=\"M320 144c-53.02 0-96 50.14-96 112 0 61.85 42.98 112 96 112 53 0 96-50.13 96-112 0-61.86-42.98-112-96-112zm40 168c0 4.42-3.58 8-8 8h-64c-4.42 0-8-3.58-8-8v-16c0-4.42 3.58-8 8-8h16v-55.44l-.47.31a7.992 7.992 0 0 1-11.09-2.22l-8.88-13.31a7.992 7.992 0 0 1 2.22-11.09l15.33-10.22a23.99 23.99 0 0 1 13.31-4.03H328c4.42 0 8 3.58 8 8v88h16c4.42 0 8 3.58 8 8v16zM608 64H32C14.33 64 0 78.33 0 96v320c0 17.67 14.33 32 32 32h576c17.67 0 32-14.33 32-32V96c0-17.67-14.33-32-32-32zm-16 272c-35.35 0-64 28.65-64 64H112c0-35.35-28.65-64-64-64V176c35.35 0 64-28.65 64-64h416c0 35.35 28.65 64 64 64v160z\"><\/path><\/svg>\t\t\t<\/div>\n\t\t<\/div>\n\t\t\t\t\t\t<\/div>\n\t\t\t\t<\/div>\n\t\t\t\t<div class=\"elementor-element elementor-element-2c01b63 animated-slow elementor-widget elementor-widget-heading\" data-id=\"2c01b63\" data-element_type=\"widget\" data-settings=\"{&quot;_animation&quot;:&quot;none&quot;}\" data-widget_type=\"heading.default\">\n\t\t\t\t<div class=\"elementor-widget-container\">\n\t\t\t\t\t<h2 class=\"elementor-heading-title elementor-size-default\">\u00c0 partir de 55\u20ac \/ pers<\/h2>\t\t\t\t<\/div>\n\t\t\t\t<\/div>\n\t\t\t\t<div class=\"elementor-element elementor-element-eabd117 elementor-alert-info elementor-widget elementor-widget-alert\" data-id=\"eabd117\" data-element_type=\"widget\" data-widget_type=\"alert.default\">\n\t\t\t\t<div class=\"elementor-widget-container\">\n\t\t\t\t\t\t\t<div class=\"elementor-alert\" role=\"alert\">\n\n\t\t\t\t\t\t<span class=\"elementor-alert-title\"><center>Inclus<\/center><\/span>\n\t\t\t\n\t\t\t\t\t\t<span class=\"elementor-alert-description\">L'entr\u00e9e au mus\u00e9e du Noyonnais\net \u00e0 l'abbaye d'Ourscamp<br>\nLa prestation du guide<br>\nLe repas (boissons comprises)<\/span>\n\t\t\t\n\t\t\t\n\t\t<\/div>\n\t\t\t\t\t\t<\/div>\n\t\t\t\t<\/div>\n\t\t\t\t<div class=\"elementor-element elementor-element-336827a elementor-alert-success elementor-widget elementor-widget-alert\" data-id=\"336827a\" data-element_type=\"widget\" data-widget_type=\"alert.default\">\n\t\t\t\t<div class=\"elementor-widget-container\">\n\t\t\t\t\t\t\t<div class=\"elementor-alert\" role=\"alert\">\n\n\t\t\t\t\t\t<span class=\"elementor-alert-title\"><center>Non inclus<\/center><\/span>\n\t\t\t\n\t\t\t\t\t\t<span class=\"elementor-alert-description\">Le transport<br>\nLes d\u00e9penses d'ordre personnel<br>\nLes assurances<\/span>\n\t\t\t\n\t\t\t\n\t\t<\/div>\n\t\t\t\t\t\t<\/div>\n\t\t\t\t<\/div>\n\t\t\t\t<div class=\"elementor-element elementor-element-b8e48c8 animated-slow elementor-widget elementor-widget-heading\" data-id=\"b8e48c8\" data-element_type=\"widget\" data-settings=\"{&quot;_animation&quot;:&quot;none&quot;}\" data-widget_type=\"heading.default\">\n\t\t\t\t<div class=\"elementor-widget-container\">\n\t\t\t\t\t<h2 class=\"elementor-heading-title elementor-size-default\">Envoyez nous votre demande<\/h2>\t\t\t\t<\/div>\n\t\t\t\t<\/div>\n\t\t\t\t<div class=\"elementor-element elementor-element-bc09c63 elementor-widget elementor-widget-wpforms\" data-id=\"bc09c63\" data-element_type=\"widget\" data-widget_type=\"wpforms.default\">\n\t\t\t\t<div class=\"elementor-widget-container\">\n\t\t\t\t\t<style id=\"wpforms-css-vars-root\">\n\t\t\t\t:root {\n\t\t\t\t\t--wpforms-field-border-radius: 3px;\n--wpforms-field-background-color: #ffffff;\n--wpforms-field-border-color: rgba( 0, 0, 0, 0.25 );\n--wpforms-field-text-color: rgba( 0, 0, 0, 0.7 );\n--wpforms-label-color: rgba( 0, 0, 0, 0.85 );\n--wpforms-label-sublabel-color: rgba( 0, 0, 0, 0.55 );\n--wpforms-label-error-color: #d63637;\n--wpforms-button-border-radius: 3px;\n--wpforms-button-background-color: #066aab;\n--wpforms-button-text-color: #ffffff;\n--wpforms-field-size-input-height: 43px;\n--wpforms-field-size-input-spacing: 15px;\n--wpforms-field-size-font-size: 16px;\n--wpforms-field-size-line-height: 19px;\n--wpforms-field-size-padding-h: 14px;\n--wpforms-field-size-checkbox-size: 16px;\n--wpforms-field-size-sublabel-spacing: 5px;\n--wpforms-field-size-icon-size: 1;\n--wpforms-label-size-font-size: 16px;\n--wpforms-label-size-line-height: 19px;\n--wpforms-label-size-sublabel-font-size: 14px;\n--wpforms-label-size-sublabel-line-height: 17px;\n--wpforms-button-size-font-size: 17px;\n--wpforms-button-size-height: 41px;\n--wpforms-button-size-padding-h: 15px;\n--wpforms-button-size-margin-top: 10px;\n\n\t\t\t\t}\n\t\t\t<\/style><style id=\"wpforms-css-vars-elementor-widget-bc09c63\">\n\t\t\t\t.elementor-widget-wpforms.elementor-element-bc09c63 {\n\t\t\t\t\t--wpforms-button-border-radius: 1px;\n--wpforms-button-background-color: #4A95AD;\n--wpforms-field-size-input-height: 43px;\n--wpforms-field-size-input-spacing: 15px;\n--wpforms-field-size-font-size: 16px;\n--wpforms-field-size-line-height: 19px;\n--wpforms-field-size-padding-h: 14px;\n--wpforms-field-size-checkbox-size: 16px;\n--wpforms-field-size-sublabel-spacing: 5px;\n--wpforms-field-size-icon-size: 1;\n--wpforms-label-size-font-size: 16px;\n--wpforms-label-size-line-height: 19px;\n--wpforms-label-size-sublabel-font-size: 14px;\n--wpforms-label-size-sublabel-line-height: 17px;\n--wpforms-button-size-font-size: 20px;\n--wpforms-button-size-height: 48px;\n--wpforms-button-size-padding-h: 20px;\n--wpforms-button-size-margin-top: 15px;\n\n\t\t\t\t}\n\t\t\t<\/style><div class=\"wpforms-container wpforms-container-full wpforms-render-modern\" id=\"wpforms-70151\"><form id=\"wpforms-form-70151\" class=\"wpforms-validate wpforms-form wpforms-ajax-form\" data-formid=\"70151\" method=\"post\" enctype=\"multipart\/form-data\" action=\"\/en\/wp-json\/wp\/v2\/pages\/73781\" data-token=\"003cd1170a1e0019d683dd85cb2bc32c\" data-trp-original-action=\"\/en\/wp-json\/wp\/v2\/pages\/73781\"><noscript class=\"wpforms-error-noscript\">Please enable JavaScript in your browser to complete this form.<\/noscript><div class=\"wpforms-hidden\" id=\"wpforms-error-noscript\">Please enable JavaScript in your browser to complete this form.<\/div><div class=\"wpforms-field-container\"><div id=\"wpforms-70151-field_1-container\" class=\"wpforms-field wpforms-field-name\" data-field-id=\"1\"><fieldset><legend class=\"wpforms-field-label\">Name <span class=\"wpforms-required-label\" aria-hidden=\"true\">*<\/span><\/legend><div class=\"wpforms-field-row wpforms-field-large\"><div class=\"wpforms-field-row-block wpforms-first wpforms-one-half\"><input type=\"text\" id=\"wpforms-70151-field_1\" class=\"wpforms-field-name-first wpforms-field-required\" name=\"wpforms[fields][1][first]\" aria-errormessage=\"wpforms-70151-field_1-error\" required><label for=\"wpforms-70151-field_1\" class=\"wpforms-field-sublabel after\">First<\/label><\/div><div class=\"wpforms-field-row-block wpforms-one-half\"><input type=\"text\" id=\"wpforms-70151-field_1-last\" class=\"wpforms-field-name-last wpforms-field-required\" name=\"wpforms[fields][1][last]\" aria-errormessage=\"wpforms-70151-field_1-last-error\" required><label for=\"wpforms-70151-field_1-last\" class=\"wpforms-field-sublabel after\">Last<\/label><\/div><\/div><\/fieldset><\/div><div id=\"wpforms-70151-field_4-container\" class=\"wpforms-field wpforms-field-email\" data-field-id=\"4\"><label class=\"wpforms-field-label\" for=\"wpforms-70151-field_4\">E-mail <span class=\"wpforms-required-label\" aria-hidden=\"true\">*<\/span><\/label><input type=\"email\" id=\"wpforms-70151-field_4\" class=\"wpforms-field-large wpforms-field-required\" name=\"wpforms[fields][4]\" spellcheck=\"false\" aria-errormessage=\"wpforms-70151-field_4-error\" required><\/div><div id=\"wpforms-70151-field_2-container\" class=\"wpforms-field wpforms-field-phone\" data-field-id=\"2\"><label class=\"wpforms-field-label\" for=\"wpforms-70151-field_2\">Phone<\/label><input type=\"tel\" id=\"wpforms-70151-field_2\" class=\"wpforms-field-large wpforms-smart-phone-field\" data-rule-smart-phone-field=\"true\" name=\"wpforms[fields][2]\" aria-errormessage=\"wpforms-70151-field_2-error\" ><\/div><div id=\"wpforms-70151-field_3-container\" class=\"wpforms-field wpforms-field-select wpforms-field-select-style-classic\" data-field-id=\"3\"><label class=\"wpforms-field-label\" for=\"wpforms-70151-field_3\">Formule<\/label><select id=\"wpforms-70151-field_3\" class=\"wpforms-field-large\" name=\"wpforms[fields][3]\"><option value=\"\u00c0 la d\u00e9couverte de Noyon, ville d&#039;Art et d&#039;Histoire\" >\u00c0 la d\u00e9couverte de Noyon, ville d&#039;Art et d&#039;Histoire<\/option><option value=\"Entre hauteurs et souterrains, le grand tour de la cath\u00e9drale\" >Entre hauteurs et souterrains, le grand tour de la cath\u00e9drale<\/option><option value=\"Le gothique en Noyonnais\" >Le gothique en Noyonnais<\/option><option value=\"Sur les pas de Jean Calvin\" >Sur les pas de Jean Calvin<\/option><option value=\"Le devoir de m\u00e9moire en Noyonnais\" >Le devoir de m\u00e9moire en Noyonnais<\/option><option value=\"L&#039;amiti\u00e9 Franco-Am\u00e9ricaine de Bl\u00e9rancourt \u00e0 Noyon\" >L&#039;amiti\u00e9 Franco-Am\u00e9ricaine de Bl\u00e9rancourt \u00e0 Noyon<\/option><option value=\"Parenth\u00e8se historique au c\u0153ur de la nature\" >Parenth\u00e8se historique au c\u0153ur de la nature<\/option><option value=\"Au fil des sentiers et des \u00e9poques\" >Au fil des sentiers et des \u00e9poques<\/option><option value=\"Que le spectacle commence !\" >Que le spectacle commence !<\/option><option value=\"Le traditionnel march\u00e9 aux fruits rouges\" >Le traditionnel march\u00e9 aux fruits rouges<\/option><option value=\"Sur les traces des b\u00e2tisseurs, de Noyon \u00e0 Saint-Martin-aux-Bois\" >Sur les traces des b\u00e2tisseurs, de Noyon \u00e0 Saint-Martin-aux-Bois<\/option><option value=\"Rallye automobile\" >Rallye automobile<\/option><option value=\"L&#039;art gothique en Picardie, terre de cath\u00e9drales\" >L&#039;art gothique en Picardie, terre de cath\u00e9drales<\/option><\/select><\/div><div id=\"wpforms-70151-field_5-container\" class=\"wpforms-field wpforms-field-number\" data-field-id=\"5\"><label class=\"wpforms-field-label\" for=\"wpforms-70151-field_5\">Nombre de personnes<\/label><input type=\"number\" pattern=\"\\d*\" id=\"wpforms-70151-field_5\" class=\"wpforms-field-large\" name=\"wpforms[fields][5]\" aria-errormessage=\"wpforms-70151-field_5-error\" ><\/div><div id=\"wpforms-70151-field_6-container\" class=\"wpforms-field wpforms-field-gdpr-checkbox\" data-field-id=\"6\"><label class=\"wpforms-field-label wpforms-label-hide\" for=\"wpforms-70151-field_6\" aria-hidden=\"false\">Accord RGPD <span class=\"wpforms-required-label\" aria-hidden=\"true\">*<\/span><\/label><ul id=\"wpforms-70151-field_6\" class=\"wpforms-field-required\"><li class=\"choice-1\"><input type=\"checkbox\" id=\"wpforms-70151-field_6_1\" name=\"wpforms[fields][6][]\" value=\"J&#039;accepte la &lt;a href=&quot;https:\/\/noyon-tourisme.com\/mentions-legales-et-politique-de-confidentialite\/&quot;&gt;politique de confidentialit\u00e9&lt;\/a&gt; et je consens \u00e0 ce que ce site stocke mes informations envoy\u00e9es afin qu\u2019ils puissent r\u00e9pondre \u00e0 ma requ\u00eate.\" aria-errormessage=\"wpforms-70151-field_6_1-error\" required><label class=\"wpforms-field-label-inline\" for=\"wpforms-70151-field_6_1\">J'accepte la <a href=\"https:\/\/noyon-tourisme.com\/en\/mentions-legales-et-politique-de-confidentialite\/\">politique de confidentialit\u00e9<\/a> et je consens \u00e0 ce que ce site stocke mes informations envoy\u00e9es afin qu\u2019ils puissent r\u00e9pondre \u00e0 ma requ\u00eate. <span class=\"wpforms-required-label\" aria-hidden=\"true\">*<\/span><\/label><\/li><\/ul><\/div><\/div><!-- .wpforms-field-container --><div class=\"wpforms-recaptcha-container wpforms-is-recaptcha\" ><div class=\"g-recaptcha\" data-sitekey=\"6LesYDMpAAAAADTjmi6ghCfFYDMuJWU7jufibI15\"><\/div><input type=\"text\" name=\"g-recaptcha-hidden\" class=\"wpforms-recaptcha-hidden\" style=\"position:absolute!important;clip:rect(0,0,0,0)!important;height:1px!important;width:1px!important;border:0!important;overflow:hidden!important;padding:0!important;margin:0!important;\" data-rule-recaptcha=\"1\"><\/div><div class=\"wpforms-submit-container\" ><input type=\"hidden\" name=\"wpforms[id]\" value=\"70151\"><input type=\"hidden\" name=\"wpforms[author]\" value=\"1\"><button type=\"submit\" name=\"wpforms[submit]\" id=\"wpforms-submit-70151\" class=\"wpforms-submit\" data-alt-text=\"Envoi...\" data-submit-text=\"Envoyer\" aria-live=\"assertive\" value=\"wpforms-submit\">Send<\/button><img decoding=\"async\" src=\"https:\/\/noyon-tourisme.com\/wp-content\/plugins\/wpforms\/assets\/images\/submit-spin.svg\" class=\"wpforms-submit-spinner\" style=\"display: none;\" width=\"26\" height=\"26\" alt=\"Loading\"><\/div><input type=\"hidden\" name=\"trp-form-language\" value=\"en\"\/><\/form><\/div>  <!-- .wpforms-container -->\t\t\t\t<\/div>\n\t\t\t\t<\/div>\n\t\t\t\t<\/div>\n\t\t\t\t\t<\/div>\n\t\t\t\t<\/div>\n\t\t<div class=\"elementor-element elementor-element-019a196 e-flex e-con-boxed e-con e-parent\" data-id=\"019a196\" data-element_type=\"container\">\n\t\t\t\t\t<div class=\"e-con-inner\">\n\t\t\t\t<div class=\"elementor-element elementor-element-34a7124 elementor-align-center elementor-widget elementor-widget-button\" data-id=\"34a7124\" data-element_type=\"widget\" data-widget_type=\"button.default\">\n\t\t\t\t<div class=\"elementor-widget-container\">\n\t\t\t\t\t\t\t\t\t<div class=\"elementor-button-wrapper\">\n\t\t\t\t\t<a class=\"elementor-button elementor-button-link elementor-size-lg elementor-animation-grow\" href=\"https:\/\/noyon-tourisme.com\/wp-content\/uploads\/2026\/04\/Brochure-groupe-OT-Noyon.pdf\" target=\"_blank\" rel=\"nofollow\">\n\t\t\t\t\t\t<span class=\"elementor-button-content-wrapper\">\n\t\t\t\t\t\t\t\t\t<span class=\"elementor-button-text\">T\u00e9l\u00e9charger la brochure groupes<\/span>\n\t\t\t\t\t<\/span>\n\t\t\t\t\t<\/a>\n\t\t\t\t<\/div>\n\t\t\t\t\t\t\t\t<\/div>\n\t\t\t\t<\/div>\n\t\t\t\t<div class=\"elementor-element elementor-element-f92fdf9 animated-slow elementor-widget elementor-widget-heading\" data-id=\"f92fdf9\" data-element_type=\"widget\" data-settings=\"{&quot;_animation&quot;:&quot;none&quot;}\" data-widget_type=\"heading.default\">\n\t\t\t\t<div class=\"elementor-widget-container\">\n\t\t\t\t\t<h2 class=\"elementor-heading-title elementor-size-default\">Service groupe - T\u00e9l. 03.44.44.21.88 - reservation@noyon-tourisme.com<\/h2>\t\t\t\t<\/div>\n\t\t\t\t<\/div>\n\t\t\t\t\t<\/div>\n\t\t\t\t<\/div>\n\t\t\t\t<\/div>","protected":false},"excerpt":{"rendered":"<p>Le gothique en Noyonnais De l&rsquo;abbaye cistercienne d&rsquo;Ourscamp \u00e0 la cath\u00e9drale Notre-Dame de Noyon , promenez-vous au c\u0153ur de l&rsquo;architecture gothique. 10h : Visite guid\u00e9e de l&rsquo;abbaye d&rsquo;Ourscamp D\u00e9couvrez les importants vestiges de cette abbaye cistercienne fond\u00e9e en 1129 par l&rsquo;\u00e9v\u00eaque de Noyon. Ce lieu hors du temps poss\u00e8de encore les ruines romantiques du ch\u0153ur<\/p>","protected":false},"author":1,"featured_media":0,"parent":69544,"menu_order":0,"comment_status":"closed","ping_status":"closed","template":"","meta":{"_seopress_robots_primary_cat":"","_seopress_titles_title":"","_seopress_titles_desc":"","_seopress_robots_index":"","_rtcl_gb_attr":"","footnotes":""},"class_list":["post-73781","page","type-page","status-publish","hentry"],"_links":{"self":[{"href":"https:\/\/noyon-tourisme.com\/en\/wp-json\/wp\/v2\/pages\/73781","targetHints":{"allow":["GET"]}}],"collection":[{"href":"https:\/\/noyon-tourisme.com\/en\/wp-json\/wp\/v2\/pages"}],"about":[{"href":"https:\/\/noyon-tourisme.com\/en\/wp-json\/wp\/v2\/types\/page"}],"author":[{"embeddable":true,"href":"https:\/\/noyon-tourisme.com\/en\/wp-json\/wp\/v2\/users\/1"}],"replies":[{"embeddable":true,"href":"https:\/\/noyon-tourisme.com\/en\/wp-json\/wp\/v2\/comments?post=73781"}],"version-history":[{"count":12,"href":"https:\/\/noyon-tourisme.com\/en\/wp-json\/wp\/v2\/pages\/73781\/revisions"}],"predecessor-version":[{"id":977321,"href":"https:\/\/noyon-tourisme.com\/en\/wp-json\/wp\/v2\/pages\/73781\/revisions\/977321"}],"up":[{"embeddable":true,"href":"https:\/\/noyon-tourisme.com\/en\/wp-json\/wp\/v2\/pages\/69544"}],"wp:attachment":[{"href":"https:\/\/noyon-tourisme.com\/en\/wp-json\/wp\/v2\/media?parent=73781"}],"curies":[{"name":"wp","href":"https:\/\/api.w.org\/{rel}","templated":true}]}}